{"id":360,"date":"2023-10-11T02:42:44","date_gmt":"2023-10-11T06:42:44","guid":{"rendered":"https:\/\/sdr.studiobizz.com\/286-2\/"},"modified":"2024-04-26T09:20:23","modified_gmt":"2024-04-26T13:20:23","slug":"286-2","status":"publish","type":"page","link":"https:\/\/sdr.studiobizz.com\/en\/","title":{"rendered":"Accueil"},"content":{"rendered":"<div class=\"wpb-content-wrapper\"><p>[vc_section full_width=&#8221;stretch_row&#8221; el_id=&#8221;section-hero&#8221; el_class=&#8221;section section-hero&#8221; css=&#8221;.vc_custom_1699427515668{background-color: #fafafa !important;}&#8221;][vc_row][vc_column width=&#8221;6\/12&#8243;][vc_column_text css=&#8221;.vc_custom_1699875977149{padding-top: 60px !important;}&#8221;]<\/p>\n<div class=\"title-text\">R\u00e9servez votre studios, c&#8217;est facile !<\/div>\n<p>[\/vc_column_text][vc_column_text]<\/p>\n<div class=\"text-desc\">Une solution simple pour la r\u00e9servation de studios enti\u00e8rement \u00e9quip\u00e9s pour vos besoins en danse, en th\u00e9\u00e2tre et pour vos productions.<\/div>\n<p>[\/vc_column_text][\/vc_column][vc_column width=&#8221;1\/12&#8243;][\/vc_column][vc_column width=&#8221;5\/12&#8243;][vc_column_text]\n<div class=\"wpcf7 no-js\" id=\"wpcf7-f465-o1\" lang=\"fr-CA\" dir=\"ltr\" data-wpcf7-id=\"465\">\n<div class=\"screen-reader-response\"><p role=\"status\" aria-live=\"polite\" aria-atomic=\"true\"><\/p> <ul><\/ul><\/div>\n<form action=\"\/en\/wp-json\/wp\/v2\/pages\/360#wpcf7-f465-o1\" method=\"post\" class=\"wpcf7-form init\" aria-label=\"Contact form\" novalidate=\"novalidate\" data-status=\"init\">\n<fieldset class=\"hidden-fields-container\"><input type=\"hidden\" name=\"_wpcf7\" value=\"465\" \/><input type=\"hidden\" name=\"_wpcf7_version\" value=\"6.1.5\" \/><input type=\"hidden\" name=\"_wpcf7_locale\" value=\"fr_CA\" \/><input type=\"hidden\" name=\"_wpcf7_unit_tag\" value=\"wpcf7-f465-o1\" \/><input type=\"hidden\" name=\"_wpcf7_container_post\" value=\"0\" \/><input type=\"hidden\" name=\"_wpcf7_posted_data_hash\" value=\"\" \/>\n<\/fieldset>\n<div class=\"block-form-res\">\n\t<div class=\"Input-block\">\n\t\t<div class=\"Label\">\n\t\t\t<p>Pr\u00e9nom<span style=\"color: #18BFBA;\">*<\/span>\n\t\t\t<\/p>\n\t\t<\/div>\n\t\t<p><span class=\"wpcf7-form-control-wrap\" data-name=\"prenom\"><input size=\"40\" maxlength=\"400\" class=\"wpcf7-form-control wpcf7-text wpcf7-validates-as-required\" aria-required=\"true\" aria-invalid=\"false\" placeholder=\"ex: John\" value=\"\" type=\"text\" name=\"prenom\" \/><\/span>\n\t\t<\/p>\n\t<\/div>\n\t<div class=\"Input-block\">\n\t\t<div class=\"Label\">\n\t\t\t<p>Nom<span style=\"color: #18BFBA;\">*<\/span>\n\t\t\t<\/p>\n\t\t<\/div>\n\t\t<p><span class=\"wpcf7-form-control-wrap\" data-name=\"nom\"><input size=\"40\" maxlength=\"400\" class=\"wpcf7-form-control wpcf7-text wpcf7-validates-as-required\" aria-required=\"true\" aria-invalid=\"false\" placeholder=\"ex: Doe\" value=\"\" type=\"text\" name=\"nom\" \/><\/span>\n\t\t<\/p>\n\t<\/div>\n\t<div class=\"Input-block\">\n\t\t<div class=\"Label\">\n\t\t\t<p>Courriel<span style=\"color: #18BFBA;\">*<\/span>\n\t\t\t<\/p>\n\t\t<\/div>\n\t\t<p><span class=\"wpcf7-form-control-wrap\" data-name=\"email\"><input size=\"40\" maxlength=\"400\" class=\"wpcf7-form-control wpcf7-email wpcf7-validates-as-required wpcf7-text wpcf7-validates-as-email\" aria-required=\"true\" aria-invalid=\"false\" placeholder=\"johndoe@domain.com\" value=\"\" type=\"email\" name=\"email\" \/><\/span>\n\t\t<\/p>\n\t<\/div>\n\t<div class=\"Input-block\">\n\t\t<div class=\"Label\">\n\t\t\t<p>T\u00e9l\u00e9phone <span style=\"color: #18BFBA;\"> *<\/span>\n\t\t\t<\/p>\n\t\t<\/div>\n\t\t<p><span class=\"wpcf7-form-control-wrap\" data-name=\"tel-954\"><input size=\"40\" maxlength=\"400\" class=\"wpcf7-form-control wpcf7-tel wpcf7-validates-as-required wpcf7-text wpcf7-validates-as-tel\" aria-required=\"true\" aria-invalid=\"false\" placeholder=\"000 000 0000\" value=\"\" type=\"tel\" name=\"tel-954\" \/><\/span>\n\t\t<\/p>\n\t<\/div>\n\t<div class=\"Input-block\">\n\t\t<p><input class=\"wpcf7-form-control wpcf7-submit has-spinner Button\" type=\"submit\" value=\"reserver un studio\" \/>\n\t\t<\/p>\n\t<\/div>\n<\/div><div class=\"wpcf7-response-output\" aria-hidden=\"true\"><\/div>\n<\/form>\n<\/div>\n[\/vc_column_text][\/vc_column][\/vc_row][\/vc_section][vc_section el_id=&#8221;section-service&#8221; el_class=&#8221;section section-service&#8221;][vc_row css=&#8221;.vc_custom_1699427489006{padding-top: 60px !important;}&#8221;][vc_column width=&#8221;4\/12&#8243;][vc_column_text]<\/p>\n<div class=\"title-text\">Service de<br \/>\nr\u00e9servation<\/div>\n<p>[\/vc_column_text][\/vc_column][vc_column width=&#8221;1\/12&#8243;][\/vc_column][vc_column width=&#8221;7\/12&#8243;][vc_column_text]<\/p>\n<div class=\"text-desc\">Explorez nos studios enti\u00e8rement \u00e9quip\u00e9s qui r\u00e9pondront \u00e0 vos besoins artistiques. D\u00e9couvrez nos espaces de qualit\u00e9 avec une \u00e9quipe de professionnels d\u00e9di\u00e9s.<\/div>\n<p>[\/vc_column_text][vc_column_text]<a class=\"CtaBtn\" href=\"mailto:location-web@studiobizz.com\">R\u00e9servez votre studio maintenant !<\/a>[\/vc_column_text][\/vc_column][\/vc_row][vc_row full_width=&#8221;stretch_row_content_no_spaces&#8221;][vc_column width=&#8221;1\/2&#8243;][vc_column_text css=&#8221;&#8221;]<\/p>\n<div class=\"Dance-studio\">\n<p><img decoding=\"async\" class=\"Dance-discipline-1\" src=\"https:\/\/sdr.studiobizz.com\/wp-content\/uploads\/2023\/11\/studio-scaled.jpeg\" \/><\/p>\n<h2 class=\"Dance-studio-title\"><strong>Studio<\/strong><br \/>\nDanse, th\u00e9\u00e2tre, productions<\/h2>\n<div class=\"overlay\">\n<div class=\"content-overlay\">\n<h2><strong>Studio<br \/>\n<\/strong>Danse, th\u00e9\u00e2tre, productions<\/h2>\n<div class=\"Dance-studio-text\">Nos studios sont \u00e9quip\u00e9s de planchers absorbant, de miroirs et de syst\u00e8mes audio et vid\u00e9o de haute qualit\u00e9.<\/div>\n<\/div>\n<\/div>\n<\/div>\n<p>[\/vc_column_text][\/vc_column][vc_column width=&#8221;1\/2&#8243;][vc_column_text css=&#8221;&#8221;]<\/p>\n<div class=\"Dance-studio\">\n<p><img decoding=\"async\" class=\"Dance-discipline-1\" src=\"https:\/\/sdr.studiobizz.com\/wp-content\/uploads\/2023\/11\/16353b2374ae569e501a0ff0302900aa.png\" \/><\/p>\n<h2 class=\"Dance-studio-title\"><strong>Espace<\/strong><br \/>\nStudio-th\u00e9\u00e2tre<\/h2>\n<div class=\"overlay\">\n<div class=\"content-overlay\">\n<h2><strong>Espace<br \/>\n<\/strong>Studio-th\u00e9\u00e2tre<\/h2>\n<div class=\"Dance-studio-text\">Notre studio-th\u00e9\u00e2tre offre un espace polyvalent avec des \u00e9quipements d\u2019\u00e9clairage, de sonorisation et vid\u00e9os et des si\u00e8ges confortables.<\/div>\n<\/div>\n<\/div>\n<\/div>\n<p>[\/vc_column_text][\/vc_column][\/vc_row][\/vc_section][vc_section el_id=&#8221;section-strat&#8221; el_class=&#8221;section section-strat&#8221;][vc_row css=&#8221;.vc_custom_1699427489006{padding-top: 60px !important;}&#8221;][vc_column width=&#8221;4\/12&#8243;][vc_column_text]<\/p>\n<div class=\"title-text\">L&#8217;emplacement le plus strat\u00e9gique de <strong>Montr\u00e9al<\/strong><\/div>\n<p>[\/vc_column_text][\/vc_column][vc_column width=&#8221;1\/12&#8243;][\/vc_column][vc_column width=&#8221;7\/12&#8243;][vc_column_text css=&#8221;.vc_custom_1714137487510{margin-bottom: 15px !important;}&#8221;]<\/p>\n<div class=\"content-note\">\n<div class=\"exclamation\">\n<div class=\"icon-note\"><img decoding=\"async\" src=\"https:\/\/sdr.studiobizz.com\/wp-content\/uploads\/2023\/11\/check-circle.png\" \/><\/div>\n<\/div>\n<div class=\"note-text\">\n<div class=\"note-title\">La possibilit\u00e9 d&#8217;utiliser vos notes de cr\u00e9dit imm\u00e9diatement sur votre prochaine r\u00e9servation<\/div>\n<\/div>\n<\/div>\n<p>[\/vc_column_text][vc_column_text css=&#8221;.vc_custom_1714137505574{margin-bottom: 15px !important;}&#8221;]<\/p>\n<div class=\"content-note\">\n<div class=\"exclamation\">\n<div class=\"icon-note\"><img decoding=\"async\" src=\"https:\/\/sdr.studiobizz.com\/wp-content\/uploads\/2023\/11\/check-circle.png\" \/><\/div>\n<\/div>\n<div class=\"note-text\">\n<div class=\"note-title\">Un engagement sans l\u2019obligation de louer un minimum de semaines<\/div>\n<\/div>\n<\/div>\n<p>[\/vc_column_text][vc_column_text css=&#8221;.vc_custom_1714137530234{margin-bottom: 15px !important;}&#8221;]<\/p>\n<div class=\"content-note\">\n<div class=\"exclamation\">\n<div class=\"icon-note\"><img decoding=\"async\" src=\"https:\/\/sdr.studiobizz.com\/wp-content\/uploads\/2023\/11\/check-circle.png\" \/><\/div>\n<\/div>\n<div class=\"note-text\">\n<div class=\"note-title\">Des frais de 50% lors d\u2019une annulation. Vous \u00eates rembours\u00e9 \u00e0 50%<\/div>\n<\/div>\n<\/div>\n<p>[\/vc_column_text][vc_column_text css=&#8221;.vc_custom_1714137544966{margin-bottom: 15px !important;}&#8221;]<\/p>\n<div class=\"content-note\">\n<div class=\"exclamation\">\n<div class=\"icon-note\"><img decoding=\"async\" src=\"https:\/\/sdr.studiobizz.com\/wp-content\/uploads\/2023\/11\/check-circle.png\" \/><\/div>\n<\/div>\n<div class=\"note-text\">\n<div class=\"note-title\">La possibilit\u00e9 de mettre vos heures en banque avant le d\u00e9but de votre location<\/div>\n<\/div>\n<\/div>\n<p>[\/vc_column_text][vc_column_text css=&#8221;.vc_custom_1714137559792{margin-bottom: 15px !important;}&#8221;]<\/p>\n<div class=\"content-note\">\n<div class=\"exclamation\">\n<div class=\"icon-note\"><img decoding=\"async\" src=\"https:\/\/sdr.studiobizz.com\/wp-content\/uploads\/2023\/11\/check-circle.png\" \/><\/div>\n<\/div>\n<div class=\"note-text\">\n<div class=\"note-title\">Des paiements de loyer sur une base mensuelle, par PPA avec option de paiements \u00e9gaux<\/div>\n<\/div>\n<\/div>\n<p>[\/vc_column_text][vc_column_text css=&#8221;.vc_custom_1714137592336{margin-bottom: 15px !important;}&#8221;]<\/p>\n<div class=\"content-note\">\n<div class=\"exclamation\">\n<div class=\"icon-note\"><img decoding=\"async\" src=\"https:\/\/sdr.studiobizz.com\/wp-content\/uploads\/2023\/11\/check-circle.png\" \/><\/div>\n<\/div>\n<div class=\"note-text\">\n<div class=\"note-title\">Des rabais sur vos locations lorsque vous vous engagez sur plusieurs sessions<\/div>\n<\/div>\n<\/div>\n<p>[\/vc_column_text][\/vc_column][\/vc_row][\/vc_section][vc_section full_width=&#8221;stretch_row&#8221; el_id=&#8221;section-about&#8221; el_class=&#8221;section section-about&#8221; css=&#8221;.vc_custom_1699435549783{padding-top: 90px !important;padding-bottom: 90px !important;background-color: #f2fafa !important;}&#8221;][vc_row][vc_column][vc_row_inner][vc_column_inner][vc_column_text]<\/p>\n<div class=\"title-text\">Ce que <strong>nos clients<\/strong> disent sur nous<\/div>\n<p>[\/vc_column_text][\/vc_column_inner][\/vc_row_inner][vc_tta_pageable][vc_tta_section title=&#8221;Section 1&#8243; tab_id=&#8221;1699433890160-a57eddfe-9de3&#8243;][vc_row_inner][vc_column_inner width=&#8221;1\/2&#8243;][vc_column_text el_class=&#8221;temoin&#8221;]<\/p>\n<div class=\"content-temoin\">\n<div class=\"text-desc\">Explorez nos studios de danse et th\u00e9\u00e2tre \u00e9quip\u00e9s pour r\u00e9pondre \u00e0 vos besoins artistiques. D\u00e9couvrez des espaces de qualit\u00e9 avec des \u00e9quipements professionnels<\/div>\n<div class=\"Testimonial\">\n<div class=\"Testimonial-name\">Wade Warren<\/div>\n<div class=\"Testimonial-fonction\">Marketing Coordinator<\/div>\n<\/div>\n<\/div>\n<p>[\/vc_column_text][\/vc_column_inner][vc_column_inner width=&#8221;1\/2&#8243;][vc_column_text el_class=&#8221;temoin&#8221;]<\/p>\n<div class=\"content-temoin\">\n<div class=\"text-desc\">Explorez nos studios de danse et th\u00e9\u00e2tre \u00e9quip\u00e9s pour r\u00e9pondre \u00e0 vos besoins artistiques. D\u00e9couvrez des espaces de qualit\u00e9 avec des \u00e9quipements professionnels<\/div>\n<div class=\"Testimonial\">\n<div class=\"Testimonial-name\">Wade Warren<\/div>\n<div class=\"Testimonial-fonction\">Marketing Coordinator<\/div>\n<\/div>\n<\/div>\n<p>[\/vc_column_text][\/vc_column_inner][\/vc_row_inner][\/vc_tta_section][vc_tta_section title=&#8221;Section 2&#8243; tab_id=&#8221;1699433890173-7dcfc179-259b&#8221;][vc_row_inner][vc_column_inner width=&#8221;1\/2&#8243;][vc_column_text el_class=&#8221;temoin&#8221;]<\/p>\n<div class=\"content-temoin\">\n<div class=\"text-desc\">Explorez nos studios de danse et th\u00e9\u00e2tre \u00e9quip\u00e9s pour r\u00e9pondre \u00e0 vos besoins artistiques. D\u00e9couvrez des espaces de qualit\u00e9 avec des \u00e9quipements professionnels<\/div>\n<div class=\"Testimonial\">\n<div class=\"Testimonial-name\">Wade Warren<\/div>\n<div class=\"Testimonial-fonction\">Marketing Coordinator<\/div>\n<\/div>\n<\/div>\n<p>[\/vc_column_text][\/vc_column_inner][vc_column_inner width=&#8221;1\/2&#8243;][vc_column_text el_class=&#8221;temoin&#8221;]<\/p>\n<div class=\"content-temoin\">\n<div class=\"text-desc\">Explorez nos studios de danse et th\u00e9\u00e2tre \u00e9quip\u00e9s pour r\u00e9pondre \u00e0 vos besoins artistiques. D\u00e9couvrez des espaces de qualit\u00e9 avec des \u00e9quipements professionnels<\/div>\n<div class=\"Testimonial\">\n<div class=\"Testimonial-name\">Wade Warren<\/div>\n<div class=\"Testimonial-fonction\">Marketing Coordinator<\/div>\n<\/div>\n<\/div>\n<p>[\/vc_column_text][\/vc_column_inner][\/vc_row_inner][\/vc_tta_section][\/vc_tta_pageable][\/vc_column][\/vc_row][\/vc_section][vc_section el_id=&#8221;section-bottompage&#8221; el_class=&#8221;section section-bottompage&#8221;][vc_row][vc_column width=&#8221;3\/4&#8243;][vc_column_text css=&#8221;.vc_custom_1699876595483{padding-top: 60px !important;}&#8221;]<\/p>\n<div class=\"title-text\">Mettez de l&#8217;avant votre cr\u00e9ativit\u00e9 sans les soucis associ\u00e9s avec la gestion d&#8217;un studio<\/div>\n<p>[\/vc_column_text][vc_column_text]<\/p>\n<div class=\"text-desc\">Notre \u00e9quipe est disponible pour vous offrir un excellent service et des studios qui r\u00e9pondent \u00e0 vos besoins.<\/div>\n<p>[\/vc_column_text][vc_column_text]<a class=\"CtaBtn\" href=\"mailto:location-web@studiobizz.com\">R\u00e9servez maintenant !<\/a>[\/vc_column_text][\/vc_column][vc_column width=&#8221;1\/4&#8243;][vc_single_image image=&#8221;505&#8243; img_size=&#8221;full&#8221; css_animation=&#8221;appear&#8221; css=&#8221;&#8221;][\/vc_column][\/vc_row][\/vc_section]<\/p>\n<\/div>","protected":false},"excerpt":{"rendered":" R\u00e9servez votre studios, c&#8217;est facile !  Une solution simple pour la r\u00e9servation de studios enti\u00e8rement \u00e9quip\u00e9s pour vos besoins en danse, en th\u00e9\u00e2tre et pour vos productions.  Service de r\u00e9servation ","protected":false},"author":7,"featured_media":0,"parent":0,"menu_order":0,"comment_status":"closed","ping_status":"closed","template":"page-blank.php","meta":{"footnotes":""},"class_list":["post-360","page","type-page","status-publish","hentry"],"aioseo_notices":[],"yoast_head":"<!-- This site is optimized with the Yoast SEO plugin v23.9 - https:\/\/yoast.com\/wordpress\/plugins\/seo\/ -->\n<title>Accueil - Studio Bizz - R\u00e9servation de studios<\/title>\n<meta name=\"robots\" content=\"noindex, follow, max-snippet:-1, max-image-preview:large, max-video-preview:-1\" \/>\n<meta property=\"og:locale\" content=\"en_US\" \/>\n<meta property=\"og:type\" content=\"article\" \/>\n<meta property=\"og:title\" content=\"Accueil - Studio Bizz - R\u00e9servation de studios\" \/>\n<meta property=\"og:description\" content=\"R\u00e9servez votre studios, c&#8217;est facile ! Une solution simple pour la r\u00e9servation de studios enti\u00e8rement \u00e9quip\u00e9s pour vos besoins en danse, en th\u00e9\u00e2tre et pour vos productions. Service de r\u00e9servation\" \/>\n<meta property=\"og:url\" content=\"https:\/\/sdr.studiobizz.com\/en\/\" \/>\n<meta property=\"og:site_name\" content=\"Studio Bizz - R\u00e9servation de studios\" \/>\n<meta property=\"article:modified_time\" content=\"2024-04-26T13:20:23+00:00\" \/>\n<meta property=\"og:image\" content=\"https:\/\/sdr.studiobizz.com\/wp-content\/uploads\/2023\/11\/studio-scaled.jpeg\" \/>\n<meta name=\"twitter:card\" content=\"summary_large_image\" \/>\n<meta name=\"twitter:label1\" content=\"Est. reading time\" \/>\n\t<meta name=\"twitter:data1\" content=\"4 minutes\" \/>\n<script type=\"application\/ld+json\" class=\"yoast-schema-graph\">{\"@context\":\"https:\/\/schema.org\",\"@graph\":[{\"@type\":\"WebPage\",\"@id\":\"https:\/\/sdr.studiobizz.com\/en\/\",\"url\":\"https:\/\/sdr.studiobizz.com\/en\/\",\"name\":\"Accueil - Studio Bizz - R\u00e9servation de studios\",\"isPartOf\":{\"@id\":\"https:\/\/sdr.studiobizz.com\/#website\"},\"primaryImageOfPage\":{\"@id\":\"https:\/\/sdr.studiobizz.com\/en\/#primaryimage\"},\"image\":{\"@id\":\"https:\/\/sdr.studiobizz.com\/en\/#primaryimage\"},\"thumbnailUrl\":\"https:\/\/sdr.studiobizz.com\/wp-content\/uploads\/2023\/11\/studio-scaled.jpeg\",\"datePublished\":\"2023-10-11T06:42:44+00:00\",\"dateModified\":\"2024-04-26T13:20:23+00:00\",\"breadcrumb\":{\"@id\":\"https:\/\/sdr.studiobizz.com\/en\/#breadcrumb\"},\"inLanguage\":\"en-CA\",\"potentialAction\":[{\"@type\":\"ReadAction\",\"target\":[\"https:\/\/sdr.studiobizz.com\/en\/\"]}]},{\"@type\":\"ImageObject\",\"inLanguage\":\"en-CA\",\"@id\":\"https:\/\/sdr.studiobizz.com\/en\/#primaryimage\",\"url\":\"https:\/\/sdr.studiobizz.com\/wp-content\/uploads\/2023\/11\/studio-scaled.jpeg\",\"contentUrl\":\"https:\/\/sdr.studiobizz.com\/wp-content\/uploads\/2023\/11\/studio-scaled.jpeg\"},{\"@type\":\"BreadcrumbList\",\"@id\":\"https:\/\/sdr.studiobizz.com\/en\/#breadcrumb\",\"itemListElement\":[{\"@type\":\"ListItem\",\"position\":1,\"name\":\"Accueil\",\"item\":\"https:\/\/sdr.studiobizz.com\/en\/\"},{\"@type\":\"ListItem\",\"position\":2,\"name\":\"Accueil\"}]},{\"@type\":\"WebSite\",\"@id\":\"https:\/\/sdr.studiobizz.com\/#website\",\"url\":\"https:\/\/sdr.studiobizz.com\/\",\"name\":\"Studio Bizz - R\u00e9servation de studios\",\"description\":\"R\u00e9servez vos studios en ligne\",\"publisher\":{\"@id\":\"https:\/\/sdr.studiobizz.com\/#organization\"},\"potentialAction\":[{\"@type\":\"SearchAction\",\"target\":{\"@type\":\"EntryPoint\",\"urlTemplate\":\"https:\/\/sdr.studiobizz.com\/?s={search_term_string}\"},\"query-input\":{\"@type\":\"PropertyValueSpecification\",\"valueRequired\":true,\"valueName\":\"search_term_string\"}}],\"inLanguage\":\"en-CA\"},{\"@type\":\"Organization\",\"@id\":\"https:\/\/sdr.studiobizz.com\/#organization\",\"name\":\"Studio Bizz - R\u00e9servation de studios\",\"url\":\"https:\/\/sdr.studiobizz.com\/\",\"logo\":{\"@type\":\"ImageObject\",\"inLanguage\":\"en-CA\",\"@id\":\"https:\/\/sdr.studiobizz.com\/#\/schema\/logo\/image\/\",\"url\":\"https:\/\/sdr.studiobizz.com\/wp-content\/uploads\/2024\/04\/logo-sb-dyf-rvb-ai1.png\",\"contentUrl\":\"https:\/\/sdr.studiobizz.com\/wp-content\/uploads\/2024\/04\/logo-sb-dyf-rvb-ai1.png\",\"width\":502,\"height\":157,\"caption\":\"Studio Bizz - R\u00e9servation de studios\"},\"image\":{\"@id\":\"https:\/\/sdr.studiobizz.com\/#\/schema\/logo\/image\/\"}}]}<\/script>\n<!-- \/ Yoast SEO plugin. -->","yoast_head_json":{"title":"Accueil - Studio Bizz - R\u00e9servation de studios","robots":{"index":"noindex","follow":"follow","max-snippet":"max-snippet:-1","max-image-preview":"max-image-preview:large","max-video-preview":"max-video-preview:-1"},"og_locale":"en_US","og_type":"article","og_title":"Accueil - Studio Bizz - R\u00e9servation de studios","og_description":"R\u00e9servez votre studios, c&#8217;est facile ! Une solution simple pour la r\u00e9servation de studios enti\u00e8rement \u00e9quip\u00e9s pour vos besoins en danse, en th\u00e9\u00e2tre et pour vos productions. Service de r\u00e9servation","og_url":"https:\/\/sdr.studiobizz.com\/en\/","og_site_name":"Studio Bizz - R\u00e9servation de studios","article_modified_time":"2024-04-26T13:20:23+00:00","og_image":[{"url":"https:\/\/sdr.studiobizz.com\/wp-content\/uploads\/2023\/11\/studio-scaled.jpeg"}],"twitter_card":"summary_large_image","twitter_misc":{"Est. reading time":"4 minutes"},"schema":{"@context":"https:\/\/schema.org","@graph":[{"@type":"WebPage","@id":"https:\/\/sdr.studiobizz.com\/en\/","url":"https:\/\/sdr.studiobizz.com\/en\/","name":"Accueil - Studio Bizz - R\u00e9servation de studios","isPartOf":{"@id":"https:\/\/sdr.studiobizz.com\/#website"},"primaryImageOfPage":{"@id":"https:\/\/sdr.studiobizz.com\/en\/#primaryimage"},"image":{"@id":"https:\/\/sdr.studiobizz.com\/en\/#primaryimage"},"thumbnailUrl":"https:\/\/sdr.studiobizz.com\/wp-content\/uploads\/2023\/11\/studio-scaled.jpeg","datePublished":"2023-10-11T06:42:44+00:00","dateModified":"2024-04-26T13:20:23+00:00","breadcrumb":{"@id":"https:\/\/sdr.studiobizz.com\/en\/#breadcrumb"},"inLanguage":"en-CA","potentialAction":[{"@type":"ReadAction","target":["https:\/\/sdr.studiobizz.com\/en\/"]}]},{"@type":"ImageObject","inLanguage":"en-CA","@id":"https:\/\/sdr.studiobizz.com\/en\/#primaryimage","url":"https:\/\/sdr.studiobizz.com\/wp-content\/uploads\/2023\/11\/studio-scaled.jpeg","contentUrl":"https:\/\/sdr.studiobizz.com\/wp-content\/uploads\/2023\/11\/studio-scaled.jpeg"},{"@type":"BreadcrumbList","@id":"https:\/\/sdr.studiobizz.com\/en\/#breadcrumb","itemListElement":[{"@type":"ListItem","position":1,"name":"Accueil","item":"https:\/\/sdr.studiobizz.com\/en\/"},{"@type":"ListItem","position":2,"name":"Accueil"}]},{"@type":"WebSite","@id":"https:\/\/sdr.studiobizz.com\/#website","url":"https:\/\/sdr.studiobizz.com\/","name":"Studio Bizz - R\u00e9servation de studios","description":"R\u00e9servez vos studios en ligne","publisher":{"@id":"https:\/\/sdr.studiobizz.com\/#organization"},"potentialAction":[{"@type":"SearchAction","target":{"@type":"EntryPoint","urlTemplate":"https:\/\/sdr.studiobizz.com\/?s={search_term_string}"},"query-input":{"@type":"PropertyValueSpecification","valueRequired":true,"valueName":"search_term_string"}}],"inLanguage":"en-CA"},{"@type":"Organization","@id":"https:\/\/sdr.studiobizz.com\/#organization","name":"Studio Bizz - R\u00e9servation de studios","url":"https:\/\/sdr.studiobizz.com\/","logo":{"@type":"ImageObject","inLanguage":"en-CA","@id":"https:\/\/sdr.studiobizz.com\/#\/schema\/logo\/image\/","url":"https:\/\/sdr.studiobizz.com\/wp-content\/uploads\/2024\/04\/logo-sb-dyf-rvb-ai1.png","contentUrl":"https:\/\/sdr.studiobizz.com\/wp-content\/uploads\/2024\/04\/logo-sb-dyf-rvb-ai1.png","width":502,"height":157,"caption":"Studio Bizz - R\u00e9servation de studios"},"image":{"@id":"https:\/\/sdr.studiobizz.com\/#\/schema\/logo\/image\/"}}]}},"_links":{"self":[{"href":"https:\/\/sdr.studiobizz.com\/en\/wp-json\/wp\/v2\/pages\/360","targetHints":{"allow":["GET"]}}],"collection":[{"href":"https:\/\/sdr.studiobizz.com\/en\/wp-json\/wp\/v2\/pages"}],"about":[{"href":"https:\/\/sdr.studiobizz.com\/en\/wp-json\/wp\/v2\/types\/page"}],"author":[{"embeddable":true,"href":"https:\/\/sdr.studiobizz.com\/en\/wp-json\/wp\/v2\/users\/7"}],"replies":[{"embeddable":true,"href":"https:\/\/sdr.studiobizz.com\/en\/wp-json\/wp\/v2\/comments?post=360"}],"version-history":[{"count":17,"href":"https:\/\/sdr.studiobizz.com\/en\/wp-json\/wp\/v2\/pages\/360\/revisions"}],"predecessor-version":[{"id":514,"href":"https:\/\/sdr.studiobizz.com\/en\/wp-json\/wp\/v2\/pages\/360\/revisions\/514"}],"wp:attachment":[{"href":"https:\/\/sdr.studiobizz.com\/en\/wp-json\/wp\/v2\/media?parent=360"}],"curies":[{"name":"wp","href":"https:\/\/api.w.org\/{rel}","templated":true}]}}